{"id":1751,"date":"2021-02-18T15:43:13","date_gmt":"2021-02-18T15:43:13","guid":{"rendered":"https:\/\/www.mega-print.pt\/ver.17.04.2019\/?page_id=1751"},"modified":"2021-07-13T10:57:06","modified_gmt":"2021-07-13T10:57:06","slug":"sobre","status":"publish","type":"page","link":"https:\/\/www.mega-print.pt\/ver.17.04.2019\/sobre\/","title":{"rendered":"Sobre"},"content":{"rendered":"\t\t<div data-elementor-type=\"wp-page\" data-elementor-id=\"1751\" class=\"elementor elementor-1751\" data-elementor-post-type=\"page\">\n\t\t\t\t\t\t<section class=\"elementor-section elementor-top-section elementor-element elementor-element-066f6a3 elementor-section-boxed elementor-section-height-default elementor-section-height-default\" data-id=\"066f6a3\" data-element_type=\"section\">\n\t\t\t\t\t\t<div class=\"elementor-container elementor-column-gap-default\">\n\t\t\t\t\t<div class=\"elementor-column elementor-col-50 elementor-top-column elementor-element elementor-element-17769b8\" data-id=\"17769b8\" data-element_type=\"column\">\n\t\t\t<div class=\"elementor-widget-wrap elementor-element-populated\">\n\t\t\t\t\t\t<div class=\"elementor-element elementor-element-d979fe5 elementor-widget elementor-widget-heading\" data-id=\"d979fe5\" data-element_type=\"widget\" data-widget_type=\"heading.default\">\n\t\t\t\t<div class=\"elementor-widget-container\">\n\t\t\t\t\t<h5 class=\"elementor-heading-title elementor-size-default\">O QUE FAZEMOS:<\/h5>\t\t\t\t<\/div>\n\t\t\t\t<\/div>\n\t\t\t\t<div class=\"elementor-element elementor-element-a0d5eaa elementor-widget elementor-widget-text-editor\" data-id=\"a0d5eaa\" data-element_type=\"widget\" data-widget_type=\"text-editor.default\">\n\t\t\t\t<div class=\"elementor-widget-container\">\n\t\t\t\t\t\t\t\t\t<p><span style=\"color: #969696;\"><a style=\"color: #969696;\" href=\"https:\/\/www.mega-print.pt\/ver.17.04.2019\/design-grafico\/\">Design Gr\u00e1fico<\/a> | <a style=\"color: #969696;\" href=\"https:\/\/www.mega-print.pt\/ver.17.04.2019\/web-design\/\">Web Design<\/a> | <a style=\"color: #969696;\" href=\"https:\/\/www.mega-print.pt\/ver.17.04.2019\/impressao-digital-pequeno-formato\/\">Impress\u00e3o de Pequeno<\/a> e <a style=\"color: #969696;\" href=\"https:\/\/www.mega-print.pt\/ver.17.04.2019\/impressao-digital-grande-formato\/\">Grande Formato<\/a> | <a style=\"color: #969696;\" href=\"https:\/\/www.mega-print.pt\/ver.17.04.2019\/impressao-uv\/\">Impress\u00e3o UV<\/a> | <a style=\"color: #969696;\" href=\"https:\/\/www.mega-print.pt\/ver.17.04.2019\/mesa-de-corte-cnc\/\">Mesa de Corte CNC<\/a> | <a style=\"color: #969696;\" href=\"https:\/\/www.mega-print.pt\/ver.17.04.2019\/corte-gravacao-laser\/\">Corte e Grava\u00e7\u00e3o a Laser<\/a> | <a style=\"color: #969696;\" href=\"https:\/\/www.mega-print.pt\/ver.17.04.2019\/impressao-textil\/\">Impress\u00e3o T\u00eaxtil<\/a> | <a style=\"color: #969696;\" href=\"https:\/\/www.mega-print.pt\/ver.17.04.2019\/impressao-serigrafia\/\">Impress\u00e3o Serigrafia<\/a> | <a style=\"color: #969696;\" href=\"https:\/\/www.mega-print.pt\/ver.17.04.2019\/merchandising\/\">Merchandising<\/a> | <a style=\"color: #969696;\" href=\"https:\/\/www.mega-print.pt\/ver.17.04.2019\/decoracao\/\">Decora\u00e7\u00e3o<\/a> | <a style=\"color: #969696;\" href=\"https:\/\/www.mega-print.pt\/ver.17.04.2019\/sistema-exposicao\/\">Sistema de Exposi\u00e7\u00e3o<\/a><\/span><\/p>\t\t\t\t\t\t\t\t<\/div>\n\t\t\t\t<\/div>\n\t\t\t\t<div class=\"elementor-element elementor-element-0c3fc7a elementor-widget elementor-widget-heading\" data-id=\"0c3fc7a\" data-element_type=\"widget\" data-widget_type=\"heading.default\">\n\t\t\t\t<div class=\"elementor-widget-container\">\n\t\t\t\t\t<h5 class=\"elementor-heading-title elementor-size-default\">SIGA-NOS:<\/h5>\t\t\t\t<\/div>\n\t\t\t\t<\/div>\n\t\t\t\t<div class=\"elementor-element elementor-element-de1dcad elementor-shape-circle e-grid-align-left elementor-grid-0 elementor-widget elementor-widget-social-icons\" data-id=\"de1dcad\" data-element_type=\"widget\" data-widget_type=\"social-icons.default\">\n\t\t\t\t<div class=\"elementor-widget-container\">\n\t\t\t\t\t\t\t<div class=\"elementor-social-icons-wrapper elementor-grid\" role=\"list\">\n\t\t\t\t\t\t\t<span class=\"elementor-grid-item\" role=\"listitem\">\n\t\t\t\t\t<a class=\"elementor-icon elementor-social-icon elementor-social-icon-facebook elementor-animation-bob elementor-repeater-item-5d13087\" href=\"https:\/\/www.facebook.com\/megaprint.lda\/\" target=\"_blank\">\n\t\t\t\t\t\t<span class=\"elementor-screen-only\">Facebook<\/span>\n\t\t\t\t\t\t<i aria-hidden=\"true\" class=\"fab fa-facebook\"><\/i>\t\t\t\t\t<\/a>\n\t\t\t\t<\/span>\n\t\t\t\t\t\t\t<span class=\"elementor-grid-item\" role=\"listitem\">\n\t\t\t\t\t<a class=\"elementor-icon elementor-social-icon elementor-social-icon-instagram elementor-animation-bob elementor-repeater-item-b8c0c87\" href=\"https:\/\/www.instagram.com\/mega.print.lda\/\" target=\"_blank\">\n\t\t\t\t\t\t<span class=\"elementor-screen-only\">Instagram<\/span>\n\t\t\t\t\t\t<i aria-hidden=\"true\" class=\"fab fa-instagram\"><\/i>\t\t\t\t\t<\/a>\n\t\t\t\t<\/span>\n\t\t\t\t\t\t\t<span class=\"elementor-grid-item\" role=\"listitem\">\n\t\t\t\t\t<a class=\"elementor-icon elementor-social-icon elementor-social-icon-linkedin elementor-animation-bob elementor-repeater-item-ab6bce9\" href=\"https:\/\/www.linkedin.com\/company\/mega-print-lda\/?originalSubdomain=pt\" target=\"_blank\">\n\t\t\t\t\t\t<span class=\"elementor-screen-only\">Linkedin<\/span>\n\t\t\t\t\t\t<i aria-hidden=\"true\" class=\"fab fa-linkedin\"><\/i>\t\t\t\t\t<\/a>\n\t\t\t\t<\/span>\n\t\t\t\t\t\t\t<span class=\"elementor-grid-item\" role=\"listitem\">\n\t\t\t\t\t<a class=\"elementor-icon elementor-social-icon elementor-social-icon-whatsapp elementor-animation-bob elementor-repeater-item-e25ae23\" href=\"https:\/\/api.whatsapp.com\/send?phone=+351914100571\" target=\"_blank\">\n\t\t\t\t\t\t<span class=\"elementor-screen-only\">Whatsapp<\/span>\n\t\t\t\t\t\t<i aria-hidden=\"true\" class=\"fab fa-whatsapp\"><\/i>\t\t\t\t\t<\/a>\n\t\t\t\t<\/span>\n\t\t\t\t\t<\/div>\n\t\t\t\t\t\t<\/div>\n\t\t\t\t<\/div>\n\t\t\t\t\t<\/div>\n\t\t<\/div>\n\t\t\t\t<div class=\"elementor-column elementor-col-50 elementor-top-column elementor-element elementor-element-4cbdccb\" data-id=\"4cbdccb\" data-element_type=\"column\">\n\t\t\t<div class=\"elementor-widget-wrap elementor-element-populated\">\n\t\t\t\t\t\t<div class=\"elementor-element elementor-element-420324c elementor-widget elementor-widget-heading\" data-id=\"420324c\" data-element_type=\"widget\" data-widget_type=\"heading.default\">\n\t\t\t\t<div class=\"elementor-widget-container\">\n\t\t\t\t\t<h5 class=\"elementor-heading-title elementor-size-default\">SOBRE N\u00d3S<\/h5>\t\t\t\t<\/div>\n\t\t\t\t<\/div>\n\t\t\t\t<div class=\"elementor-element elementor-element-9806ef2 elementor-widget elementor-widget-text-editor\" data-id=\"9806ef2\" data-element_type=\"widget\" data-widget_type=\"text-editor.default\">\n\t\t\t\t<div class=\"elementor-widget-container\">\n\t\t\t\t\t\t\t\t\t<p>A Mega Print \u00e9 uma empresa de solu\u00e7\u00f5es de publicidade, vocacionada no desenvolvimento de impress\u00e3o digital m\u00e9dio e grande formato, serigrafia, estamparia, merchandising, decora\u00e7\u00e3o, fotografia, design gr\u00e1fico e log\u00edstica.<br \/>\u00c9 com o princ\u00edpio da perfeita concilia\u00e7\u00e3o dos meios necess\u00e1rios, organiza\u00e7\u00e3o, qualidade e produtividade que conseguimos atingir um patamar, que nos orgulhamos em oferecer os nossos produtos a um valor abaixo do mercado, dando prioridade a qualidade e oferecendo solu\u00e7\u00f5es exclusivas aos nossos clientes.<br \/>Fazendo o mesmo que muitos dos nossos concorrentes, mas apenas pelo facto de nos concentrarmos no nosso core business, atingimos um patamar em que conseguimos fazer mais e melhor, com os pre\u00e7os mais baixos do mercado.<\/p>\t\t\t\t\t\t\t\t<\/div>\n\t\t\t\t<\/div>\n\t\t\t\t<div class=\"elementor-element elementor-element-e59124d elementor-widget elementor-widget-heading\" data-id=\"e59124d\" data-element_type=\"widget\" data-widget_type=\"heading.default\">\n\t\t\t\t<div class=\"elementor-widget-container\">\n\t\t\t\t\t<h4 class=\"elementor-heading-title elementor-size-default\">Filosofia<\/h4>\t\t\t\t<\/div>\n\t\t\t\t<\/div>\n\t\t\t\t<div class=\"elementor-element elementor-element-0008ff7 elementor-widget elementor-widget-text-editor\" data-id=\"0008ff7\" data-element_type=\"widget\" data-widget_type=\"text-editor.default\">\n\t\t\t\t<div class=\"elementor-widget-container\">\n\t\t\t\t\t\t\t\t\t<p>Wide ideas, wide solutions, big passion!!!<br \/>A Mega Print, tem paix\u00e3o, t\u00eam ambi\u00e7\u00e3o, t\u00eam saber e t\u00eam o como se tornar uma grande reref\u00eancia na industria da impress\u00e3o digital e serigrafia.<br \/>Possuimos uma produ\u00e7\u00e3o capaz de resposta aos projectos mais exigentes. O nosso objectivo e ser distinguidos pela oferta de equipamentos, servi\u00e7os de pr\u00e9-impress\u00e3o, impress\u00e3o, decora\u00e7\u00e3o, montagem, para todos os desafios, focados no resultado final e no rigoroso prazo de entrega imposto pelos nosso clientes. Sempre mantendo a m\u00e1xima da qualidade tanto no servi\u00e7o como no produto.<\/p>\t\t\t\t\t\t\t\t<\/div>\n\t\t\t\t<\/div>\n\t\t\t\t<div class=\"elementor-element elementor-element-1c2cc99 elementor-widget elementor-widget-heading\" data-id=\"1c2cc99\" data-element_type=\"widget\" data-widget_type=\"heading.default\">\n\t\t\t\t<div class=\"elementor-widget-container\">\n\t\t\t\t\t<h4 class=\"elementor-heading-title elementor-size-default\">Nossa Miss\u00e3o<\/h4>\t\t\t\t<\/div>\n\t\t\t\t<\/div>\n\t\t\t\t<div class=\"elementor-element elementor-element-d229aed elementor-widget elementor-widget-text-editor\" data-id=\"d229aed\" data-element_type=\"widget\" data-widget_type=\"text-editor.default\">\n\t\t\t\t<div class=\"elementor-widget-container\">\n\t\t\t\t\t\t\t\t\t<p>Ser uma Mega fonte de inspira\u00e7\u00e3o as ideias dos clientes e suas marcas.<br \/>Focados em inspirar os nossos clientes com a nossa paix\u00e3o pela cor. Acreditamos nos desafios que os nos apresentam, e que por muito impossivel que pare\u00e7a, a nossa paix\u00e3o pela impress\u00e3o, pela cor e pelo desafio tentamos sempre superamo-nos a cada dia que passa. Tentamos levar as marca dos nossos clientes onde sonham, com a qualidade e rigor exigido, ambicionando sermos uma refer\u00eancia no sector da impress\u00e3o digital e serigrafia em Portugal e n\u00e3o s\u00f3.<\/p>\t\t\t\t\t\t\t\t<\/div>\n\t\t\t\t<\/div>\n\t\t\t\t<div class=\"elementor-element elementor-element-1072e13 elementor-widget elementor-widget-heading\" data-id=\"1072e13\" data-element_type=\"widget\" data-widget_type=\"heading.default\">\n\t\t\t\t<div class=\"elementor-widget-container\">\n\t\t\t\t\t<h4 class=\"elementor-heading-title elementor-size-default\">Vis\u00e3o<\/h4>\t\t\t\t<\/div>\n\t\t\t\t<\/div>\n\t\t\t\t<div class=\"elementor-element elementor-element-92ae212 elementor-widget elementor-widget-text-editor\" data-id=\"92ae212\" data-element_type=\"widget\" data-widget_type=\"text-editor.default\">\n\t\t\t\t<div class=\"elementor-widget-container\">\n\t\t\t\t\t\t\t\t\t<p>Passion for print, passion for big ideas!<br \/>Miss\u00e3o? Conseguir imprimir as ideias, a imagina\u00e7\u00e3o e o poder das marcas. Passion for big ideas \u00e9 o que prometemos aplicar em tudo o que produzimos, desde da simples ideia, ao sonho at\u00e9 amaterializa\u00e7\u00e3o dos projetos. Vamos continuar a crescer, a inovar com a capacidade pr\u00f3pira de oferecer toda a paix\u00e3o que colocamos em tudo o que fazesmos. Crescer, evoluir de forma sustentavel, sendo o melhor parceiro para o crescimento da marca.<\/p>\t\t\t\t\t\t\t\t<\/div>\n\t\t\t\t<\/div>\n\t\t\t\t<div class=\"elementor-element elementor-element-ef8583b elementor-widget elementor-widget-heading\" data-id=\"ef8583b\" data-element_type=\"widget\" data-widget_type=\"heading.default\">\n\t\t\t\t<div class=\"elementor-widget-container\">\n\t\t\t\t\t<h4 class=\"elementor-heading-title elementor-size-default\">2011<\/h4>\t\t\t\t<\/div>\n\t\t\t\t<\/div>\n\t\t\t\t<div class=\"elementor-element elementor-element-95abc38 elementor-widget elementor-widget-text-editor\" data-id=\"95abc38\" data-element_type=\"widget\" data-widget_type=\"text-editor.default\">\n\t\t\t\t<div class=\"elementor-widget-container\">\n\t\t\t\t\t\t\t\t\t<p>Em Paio Pires, nasce a Mega Print, introduzindo-se com uma empresa especializada nos pequenos formatos de impress\u00e3o digital e serigrafia numa \u00e1rea de 200m2.<\/p>\t\t\t\t\t\t\t\t<\/div>\n\t\t\t\t<\/div>\n\t\t\t\t<div class=\"elementor-element elementor-element-fa20341 elementor-widget elementor-widget-heading\" data-id=\"fa20341\" data-element_type=\"widget\" data-widget_type=\"heading.default\">\n\t\t\t\t<div class=\"elementor-widget-container\">\n\t\t\t\t\t<h4 class=\"elementor-heading-title elementor-size-default\">2012<\/h4>\t\t\t\t<\/div>\n\t\t\t\t<\/div>\n\t\t\t\t<div class=\"elementor-element elementor-element-639d45c elementor-widget elementor-widget-text-editor\" data-id=\"639d45c\" data-element_type=\"widget\" data-widget_type=\"text-editor.default\">\n\t\t\t\t<div class=\"elementor-widget-container\">\n\t\t\t\t\t\t\t\t\t<p>Com o crescimento e com o aumento do quadro de pessoal, damos \u00ednicio a uma moderniza\u00e7\u00e3o. Apostando no m\u00e9dio e grande formato com produ\u00e7\u00e3o pr\u00f3pria e acabamento, com compet\u00eancia para produzir todo o tipo de trabalho n\u00e1 \u00e1rea da produ\u00e7\u00e3o digital.<\/p>\t\t\t\t\t\t\t\t<\/div>\n\t\t\t\t<\/div>\n\t\t\t\t<div class=\"elementor-element elementor-element-b7ca627 elementor-widget elementor-widget-heading\" data-id=\"b7ca627\" data-element_type=\"widget\" data-widget_type=\"heading.default\">\n\t\t\t\t<div class=\"elementor-widget-container\">\n\t\t\t\t\t<h4 class=\"elementor-heading-title elementor-size-default\">2013<\/h4>\t\t\t\t<\/div>\n\t\t\t\t<\/div>\n\t\t\t\t<div class=\"elementor-element elementor-element-4e798f3 elementor-widget elementor-widget-text-editor\" data-id=\"4e798f3\" data-element_type=\"widget\" data-widget_type=\"text-editor.default\">\n\t\t\t\t<div class=\"elementor-widget-container\">\n\t\t\t\t\t\t\t\t\t<p>Em consequencia do crescimento, e necessidade de evoluir, a Mega Print muda-se para um espa\u00e7o maior de 400m2. Aumentando a nossa equipa e cada vez mais apostando num conjunto de solu\u00e7\u00f5es para satisfazer o mercado mais exigente, e com um grau de qualidade assegurada.<\/p>\t\t\t\t\t\t\t\t<\/div>\n\t\t\t\t<\/div>\n\t\t\t\t<div class=\"elementor-element elementor-element-d84d650 elementor-widget elementor-widget-heading\" data-id=\"d84d650\" data-element_type=\"widget\" data-widget_type=\"heading.default\">\n\t\t\t\t<div class=\"elementor-widget-container\">\n\t\t\t\t\t<h4 class=\"elementor-heading-title elementor-size-default\">2016<\/h4>\t\t\t\t<\/div>\n\t\t\t\t<\/div>\n\t\t\t\t<div class=\"elementor-element elementor-element-1460379 elementor-widget elementor-widget-text-editor\" data-id=\"1460379\" data-element_type=\"widget\" data-widget_type=\"text-editor.default\">\n\t\t\t\t<div class=\"elementor-widget-container\">\n\t\t\t\t\t\t\t\t\t<p>A Mega Print, comemora o quinto anivers\u00e1rio, e neste ano fazendo face a necessidade de aumentar a produ\u00e7\u00e3o, apostamos em equipamentos de produ\u00e7\u00e3o mais eficientes, numa equipa cada vez mais especializada, tanto na \u00e1rea t\u00e9cnica desde da produ\u00e7\u00e3o ao acabamento, como na \u00e1rea comercial, tentando dar mais resposta as necessidades dos nossos clientes.<\/p>\t\t\t\t\t\t\t\t<\/div>\n\t\t\t\t<\/div>\n\t\t\t\t<div class=\"elementor-element elementor-element-04c650f elementor-widget elementor-widget-heading\" data-id=\"04c650f\" data-element_type=\"widget\" data-widget_type=\"heading.default\">\n\t\t\t\t<div class=\"elementor-widget-container\">\n\t\t\t\t\t<h4 class=\"elementor-heading-title elementor-size-default\">2017<\/h4>\t\t\t\t<\/div>\n\t\t\t\t<\/div>\n\t\t\t\t<div class=\"elementor-element elementor-element-d4d35dc elementor-widget elementor-widget-text-editor\" data-id=\"d4d35dc\" data-element_type=\"widget\" data-widget_type=\"text-editor.default\">\n\t\t\t\t<div class=\"elementor-widget-container\">\n\t\t\t\t\t\t\t\t\t<p>Mais uma vez a Mega Print, aumenta a sua \u00e1rea de produ\u00e7\u00e3o para 520m2 de \u00e1rea. Neste ano, e face ao crescimento e vitalidade a Mega Print, t\u00eam mantido de uma forma sustentada, sendo defenido como nossa prioridade o crescimento na ar\u00e9a da produ\u00e7\u00e3o digital, definindo como prioridade o investimento em novos equipamentos, alargando a nossa capacidade de resposta e diversidade em solu\u00e7\u00f5es de pequeno, m\u00e9dio e grande formato.<\/p>\t\t\t\t\t\t\t\t<\/div>\n\t\t\t\t<\/div>\n\t\t\t\t<div class=\"elementor-element elementor-element-73ba4c2 elementor-widget elementor-widget-heading\" data-id=\"73ba4c2\" data-element_type=\"widget\" data-widget_type=\"heading.default\">\n\t\t\t\t<div class=\"elementor-widget-container\">\n\t\t\t\t\t<h4 class=\"elementor-heading-title elementor-size-default\">2019<\/h4>\t\t\t\t<\/div>\n\t\t\t\t<\/div>\n\t\t\t\t<div class=\"elementor-element elementor-element-6535f04 elementor-widget elementor-widget-text-editor\" data-id=\"6535f04\" data-element_type=\"widget\" data-widget_type=\"text-editor.default\">\n\t\t\t\t<div class=\"elementor-widget-container\">\n\t\t\t\t\t\t\t\t\t<p>O ano em que celebramos o nosso oitavo anivers\u00e1rio, focados no nosso crescimento, na qualidade e rapidez de resposta as v\u00e1rias necessidades dos nossos clientes, a Mega Print aposta num aumento do equipamento da produ\u00e7\u00e3o digital, pequeno m\u00e9dio e grande formato. Impress\u00e3o t\u00eaxtil direta (DTG), Impress\u00e3o UV Plano grande formato 3x2m, CNC 3&#215;2 com corte vinco, Impress\u00e3o UV pequeno formato, corte e grava\u00e7\u00e3o laser, Impress\u00e3o digital pequeno formato e impress\u00e3o latex. Apostando numa equipa cada vez mais formada e especializada, e aumento do nosso espa\u00e7o para 600m2. Ser\u00e1 um ano de viragem em que apostamos na cria\u00e7\u00e3o da nova imagem corporativa, em que associamos a nossa \u201c Passion for print\u201d. #passionforprint<\/p>\t\t\t\t\t\t\t\t<\/div>\n\t\t\t\t<\/div>\n\t\t\t\t<div class=\"elementor-element elementor-element-15c052e elementor-widget elementor-widget-heading\" data-id=\"15c052e\" data-element_type=\"widget\" data-widget_type=\"heading.default\">\n\t\t\t\t<div class=\"elementor-widget-container\">\n\t\t\t\t\t<h4 class=\"elementor-heading-title elementor-size-default\">2021<\/h4>\t\t\t\t<\/div>\n\t\t\t\t<\/div>\n\t\t\t\t<div class=\"elementor-element elementor-element-87f7d3b elementor-widget elementor-widget-text-editor\" data-id=\"87f7d3b\" data-element_type=\"widget\" data-widget_type=\"text-editor.default\">\n\t\t\t\t<div class=\"elementor-widget-container\">\n\t\t\t\t\t\t\t\t\t<p>O ano de 2020 foi marcado por muitas transforma\u00e7\u00f5es, e na Mega Print tamb\u00e9m n\u00e3o foi diferente. Decidimos apostar no setor digital, oferecendo aos nossos clientes mais um complemento de publicidade atrav\u00e9s de um website. Atrav\u00e9s da plataforma WordPress, que \u00e9 uma das mais utilizadas atualmente no mundo, oferecemos as solu\u00e7\u00f5es mais atuais para os nossos clientes que querem ter uma presen\u00e7a online.\u00a0<\/p>\t\t\t\t\t\t\t\t<\/div>\n\t\t\t\t<\/div>\n\t\t\t\t\t<\/div>\n\t\t<\/div>\n\t\t\t\t\t<\/div>\n\t\t<\/section>\n\t\t\t\t<\/div>\n\t\t","protected":false},"excerpt":{"rendered":"<p>O QUE FAZEMOS: Design Gr\u00e1fico | Web Design | Impress\u00e3o de Pequeno e Grande Formato | Impress\u00e3o UV | Mesa de Corte CNC | Corte e Grava\u00e7\u00e3o a Laser | Impress\u00e3o T\u00eaxtil | Impress\u00e3o Serigrafia | Merchandising | Decora\u00e7\u00e3o | Sistema de Exposi\u00e7\u00e3o SIGA-NOS: Facebook Instagram Linkedin Whatsapp SOBRE N\u00d3S A Mega Print \u00e9 uma [&hellip;]<\/p>\n","protected":false},"author":2,"featured_media":0,"parent":0,"menu_order":0,"comment_status":"closed","ping_status":"closed","template":"","meta":{"_joinchat":[],"footnotes":""},"class_list":["post-1751","page","type-page","status-publish","hentry"],"_links":{"self":[{"href":"https:\/\/www.mega-print.pt\/ver.17.04.2019\/wp-json\/wp\/v2\/pages\/1751","targetHints":{"allow":["GET"]}}],"collection":[{"href":"https:\/\/www.mega-print.pt\/ver.17.04.2019\/wp-json\/wp\/v2\/pages"}],"about":[{"href":"https:\/\/www.mega-print.pt\/ver.17.04.2019\/wp-json\/wp\/v2\/types\/page"}],"author":[{"embeddable":true,"href":"https:\/\/www.mega-print.pt\/ver.17.04.2019\/wp-json\/wp\/v2\/users\/2"}],"replies":[{"embeddable":true,"href":"https:\/\/www.mega-print.pt\/ver.17.04.2019\/wp-json\/wp\/v2\/comments?post=1751"}],"version-history":[{"count":44,"href":"https:\/\/www.mega-print.pt\/ver.17.04.2019\/wp-json\/wp\/v2\/pages\/1751\/revisions"}],"predecessor-version":[{"id":4292,"href":"https:\/\/www.mega-print.pt\/ver.17.04.2019\/wp-json\/wp\/v2\/pages\/1751\/revisions\/4292"}],"wp:attachment":[{"href":"https:\/\/www.mega-print.pt\/ver.17.04.2019\/wp-json\/wp\/v2\/media?parent=1751"}],"curies":[{"name":"wp","href":"https:\/\/api.w.org\/{rel}","templated":true}]}}