{"id":1175,"date":"2021-02-05T16:11:10","date_gmt":"2021-02-05T16:11:10","guid":{"rendered":"https:\/\/www.mega-print.pt\/ver.17.04.2019\/?page_id=1175"},"modified":"2021-02-25T10:41:04","modified_gmt":"2021-02-25T10:41:04","slug":"condicoes-gerais-de-venda","status":"publish","type":"page","link":"https:\/\/www.mega-print.pt\/ver.17.04.2019\/condicoes-gerais-de-venda\/","title":{"rendered":"Condi\u00e7\u00f5es Gerais de Venda"},"content":{"rendered":"\t\t<div data-elementor-type=\"wp-page\" data-elementor-id=\"1175\" class=\"elementor elementor-1175\" data-elementor-post-type=\"page\">\n\t\t\t\t\t\t<section class=\"elementor-section elementor-top-section elementor-element elementor-element-d124e91 elementor-section-height-min-height elementor-section-boxed elementor-section-height-default elementor-section-items-middle\" data-id=\"d124e91\" data-element_type=\"section\" data-settings=\"{&quot;background_background&quot;:&quot;classic&quot;}\">\n\t\t\t\t\t\t<div class=\"elementor-container elementor-column-gap-default\">\n\t\t\t\t\t<div class=\"elementor-column elementor-col-100 elementor-top-column elementor-element elementor-element-51bc4fe\" data-id=\"51bc4fe\" data-element_type=\"column\">\n\t\t\t<div class=\"elementor-widget-wrap elementor-element-populated\">\n\t\t\t\t\t\t<section class=\"elementor-section elementor-inner-section elementor-element elementor-element-78906bf elementor-section-boxed elementor-section-height-default elementor-section-height-default\" data-id=\"78906bf\" data-element_type=\"section\">\n\t\t\t\t\t\t<div class=\"elementor-container elementor-column-gap-default\">\n\t\t\t\t\t<div class=\"elementor-column elementor-col-100 elementor-inner-column elementor-element elementor-element-a766c91\" data-id=\"a766c91\" data-element_type=\"column\">\n\t\t\t<div class=\"elementor-widget-wrap elementor-element-populated\">\n\t\t\t\t\t\t<div class=\"elementor-element elementor-element-7c94af4 elementor-widget elementor-widget-heading\" data-id=\"7c94af4\" data-element_type=\"widget\" data-widget_type=\"heading.default\">\n\t\t\t\t<div class=\"elementor-widget-container\">\n\t\t\t\t\t<h3 class=\"elementor-heading-title elementor-size-default\">CONDI\u00c7\u00d5ES GERAIS DE VENDA<\/h3>\t\t\t\t<\/div>\n\t\t\t\t<\/div>\n\t\t\t\t<div class=\"elementor-element elementor-element-867faab elementor-widget-divider--view-line elementor-widget elementor-widget-divider\" data-id=\"867faab\" data-element_type=\"widget\" data-widget_type=\"divider.default\">\n\t\t\t\t<div class=\"elementor-widget-container\">\n\t\t\t\t\t\t\t<div class=\"elementor-divider\">\n\t\t\t<span class=\"elementor-divider-separator\">\n\t\t\t\t\t\t<\/span>\n\t\t<\/div>\n\t\t\t\t\t\t<\/div>\n\t\t\t\t<\/div>\n\t\t\t\t\t<\/div>\n\t\t<\/div>\n\t\t\t\t\t<\/div>\n\t\t<\/section>\n\t\t\t\t\t<\/div>\n\t\t<\/div>\n\t\t\t\t\t<\/div>\n\t\t<\/section>\n\t\t\t\t<section class=\"elementor-section elementor-top-section elementor-element elementor-element-bb35461 elementor-section-boxed elementor-section-height-default elementor-section-height-default\" data-id=\"bb35461\" data-element_type=\"section\">\n\t\t\t\t\t\t<div class=\"elementor-container elementor-column-gap-default\">\n\t\t\t\t\t<div class=\"elementor-column elementor-col-100 elementor-top-column elementor-element elementor-element-3ee6057\" data-id=\"3ee6057\" data-element_type=\"column\">\n\t\t\t<div class=\"elementor-widget-wrap elementor-element-populated\">\n\t\t\t\t\t\t<div class=\"elementor-element elementor-element-c98df49 elementor-widget elementor-widget-heading\" data-id=\"c98df49\" data-element_type=\"widget\" data-widget_type=\"heading.default\">\n\t\t\t\t<div class=\"elementor-widget-container\">\n\t\t\t\t\t<h5 class=\"elementor-heading-title elementor-size-default\">CONDIC\u0327O\u0303ES GERAIS DE VENDA<\/h5>\t\t\t\t<\/div>\n\t\t\t\t<\/div>\n\t\t\t\t<div class=\"elementor-element elementor-element-96ae1c7 elementor-widget elementor-widget-text-editor\" data-id=\"96ae1c7\" data-element_type=\"widget\" data-widget_type=\"text-editor.default\">\n\t\t\t\t<div class=\"elementor-widget-container\">\n\t\t\t\t\t\t\t\t\t<p>Todos os fornecimentos e prestac\u0327o\u0303es de servic\u0327os solicitados a\u0300 Mega Print, Lda. sera\u0303o regidos pelas presentes condic\u0327o\u0303es gerais de venda, cuja aceitac\u0327a\u0303o por parte do cliente esta\u0301 impli\u0301cita nas encomendas firmadas a\u0300\u00a0<strong>Mega Print, Lda.<\/strong><\/p>\t\t\t\t\t\t\t\t<\/div>\n\t\t\t\t<\/div>\n\t\t\t\t<div class=\"elementor-element elementor-element-d5c119e elementor-widget elementor-widget-heading\" data-id=\"d5c119e\" data-element_type=\"widget\" data-widget_type=\"heading.default\">\n\t\t\t\t<div class=\"elementor-widget-container\">\n\t\t\t\t\t<h5 class=\"elementor-heading-title elementor-size-default\">Encomendas:<\/h5>\t\t\t\t<\/div>\n\t\t\t\t<\/div>\n\t\t\t\t<div class=\"elementor-element elementor-element-3ef55b3 elementor-widget elementor-widget-text-editor\" data-id=\"3ef55b3\" data-element_type=\"widget\" data-widget_type=\"text-editor.default\">\n\t\t\t\t<div class=\"elementor-widget-container\">\n\t\t\t\t\t\t\t\t\t<p>As encomendas devera\u0303o ser feitas atrave\u0301s do nosso Departamento Comercial, vendedores, telefone ou email. Toda a encomenda tomada firme e aceite pela\u00a0<strong>Mega Print, Lda.<\/strong>implica para o comprador a adesa\u0303o a\u0300s presentes condic\u0327o\u0303es de venda.<\/p>\t\t\t\t\t\t\t\t<\/div>\n\t\t\t\t<\/div>\n\t\t\t\t<div class=\"elementor-element elementor-element-e8af78a elementor-widget elementor-widget-heading\" data-id=\"e8af78a\" data-element_type=\"widget\" data-widget_type=\"heading.default\">\n\t\t\t\t<div class=\"elementor-widget-container\">\n\t\t\t\t\t<h5 class=\"elementor-heading-title elementor-size-default\">Prec\u0327os:<\/h5>\t\t\t\t<\/div>\n\t\t\t\t<\/div>\n\t\t\t\t<div class=\"elementor-element elementor-element-e6a1b6f elementor-widget elementor-widget-text-editor\" data-id=\"e6a1b6f\" data-element_type=\"widget\" data-widget_type=\"text-editor.default\">\n\t\t\t\t<div class=\"elementor-widget-container\">\n\t\t\t\t\t\t\t\t\t<p>Os prec\u0327os indicados nos nossos orc\u0327amento na\u0303o incluem IVA, mas esta\u0303o sujeitos a\u0300 taxa em vigor, estes podem ser alterados a qualquer momento sem aviso pre\u0301vio, mantendo- se pore\u0301m va\u0301lidos e em vigor os constantes dos orc\u0327amentos\/propostas. Os nossos orc\u0327amentos\/propostas tem a validade de 15 dias, caso pretenda adjudicar pe\u00e7a-nos nova cota\u00e7\u00e3o fora destes prazos.<\/p><p>Os valores s\u00f3 s\u00e3o acordados com a aprova\u00e7\u00e3o do or\u00e7amento por parte do cliente e que re\u00fana todas as condi\u00e7\u00f5es propostas para o fornecimento da nossa parte.<\/p>\t\t\t\t\t\t\t\t<\/div>\n\t\t\t\t<\/div>\n\t\t\t\t<div class=\"elementor-element elementor-element-01fa804 elementor-widget elementor-widget-heading\" data-id=\"01fa804\" data-element_type=\"widget\" data-widget_type=\"heading.default\">\n\t\t\t\t<div class=\"elementor-widget-container\">\n\t\t\t\t\t<h5 class=\"elementor-heading-title elementor-size-default\">Condic\u0327o\u0303es de Pagamento:<\/h5>\t\t\t\t<\/div>\n\t\t\t\t<\/div>\n\t\t\t\t<div class=\"elementor-element elementor-element-bef3e88 elementor-widget elementor-widget-text-editor\" data-id=\"bef3e88\" data-element_type=\"widget\" data-widget_type=\"text-editor.default\">\n\t\t\t\t<div class=\"elementor-widget-container\">\n\t\t\t\t\t\t\t\t\t<p>Salvo condic\u0327o\u0303es de pagamento divergentes acordadas em contratos individuais, vigora o seguinte: Encomendas ate\u0301 100,00\u20ac o pagamento e\u0301 efetuado a pronto no ato da adjudicac\u0327a\u0303o. Restantes casos sera\u0301 o pagamento de 50% do valor no ato da adjudicac\u0327a\u0303o e o restante no dia de entrega, aplicac\u0327a\u0303o e\/ou montagem. Os pagamentos podera\u0303o ser efetuados por transfere\u0302ncia banca\u0301ria ou presencialmente nas nossas instala\u00e7\u00f5es, por cheque ou numer\u00e1rio.<\/p><p>O na\u0303o pagamento das condic\u0327o\u0303es comerciais acordadas, conduz de imediato e sem aviso pre\u0301vio a uma situac\u0327a\u0303o de incumprimento. O comprador estara\u0301 igualmente numa situac\u0327a\u0303o de incumprimento se na\u0303o proceder de imediato ao pagamento apo\u0301s recepc\u0327a\u0303o de um aviso de cobranc\u0327a.<\/p><p>Sempre que na\u0303o se cumpram as condic\u0327o\u0303es de pagamento acordadas, decorridos mais de 30 dias da data da fatura, sem que se mostre efetuado o pagamento, reservamo-nos o direito de debitar juros de mora a\u0300 taxa legal em vigor, tal como todos os custos administrativos internos de cobranc\u0327a de di\u0301vida, ficando o cre\u0301dito suspenso ate\u0301 a\u0300 regularizac\u0327a\u0303o dos de\u0301bitos.<\/p><p>A\u00a0<strong>Mega Print, Lda.<\/strong>, reserva-se o direito de alterar e\/ou retirar o plafond de cre\u0301dito atribui\u0301do, sempre que considere oportuno.<\/p>\t\t\t\t\t\t\t\t<\/div>\n\t\t\t\t<\/div>\n\t\t\t\t<div class=\"elementor-element elementor-element-52da5b8 elementor-widget elementor-widget-heading\" data-id=\"52da5b8\" data-element_type=\"widget\" data-widget_type=\"heading.default\">\n\t\t\t\t<div class=\"elementor-widget-container\">\n\t\t\t\t\t<h5 class=\"elementor-heading-title elementor-size-default\">Reserva de Propriedade e Outras Garantias:<\/h5>\t\t\t\t<\/div>\n\t\t\t\t<\/div>\n\t\t\t\t<div class=\"elementor-element elementor-element-2518dbd elementor-widget elementor-widget-text-editor\" data-id=\"2518dbd\" data-element_type=\"widget\" data-widget_type=\"text-editor.default\">\n\t\t\t\t<div class=\"elementor-widget-container\">\n\t\t\t\t\t\t\t\t\t<p>A mercadoria, materiais equipamentos e outros servic\u0327os, permanecem propriedade da\u00a0<strong>Mega Print, Lda.<\/strong>, ate\u0301 ao pagamento integral, incluindo cre\u0301ditos futuros resultantes da relac\u0327a\u0303o comercial.<\/p>\t\t\t\t\t\t\t\t<\/div>\n\t\t\t\t<\/div>\n\t\t\t\t<div class=\"elementor-element elementor-element-e251bea elementor-widget elementor-widget-heading\" data-id=\"e251bea\" data-element_type=\"widget\" data-widget_type=\"heading.default\">\n\t\t\t\t<div class=\"elementor-widget-container\">\n\t\t\t\t\t<h5 class=\"elementor-heading-title elementor-size-default\">Direitos de Propriedade e de Autor:<\/h5>\t\t\t\t<\/div>\n\t\t\t\t<\/div>\n\t\t\t\t<div class=\"elementor-element elementor-element-df646aa elementor-widget elementor-widget-text-editor\" data-id=\"df646aa\" data-element_type=\"widget\" data-widget_type=\"text-editor.default\">\n\t\t\t\t<div class=\"elementor-widget-container\">\n\t\t\t\t\t\t\t\t\t<p>Reservamo-nos todos os direitos de propriedade e direitos intelectuais relativamente aos desenhos, projetos, maquetas, imagens, modelos e a informac\u0327a\u0303o similar, que apenas podera\u0303o ser colocados a\u0300 disposic\u0327a\u0303o de terceiros mediante o nosso consentimento pre\u0301vio. A transgressa\u0303o obriga a uma indemnizac\u0327a\u0303o por danos e prejui\u0301zos.<\/p>\t\t\t\t\t\t\t\t<\/div>\n\t\t\t\t<\/div>\n\t\t\t\t<div class=\"elementor-element elementor-element-548ee38 elementor-widget elementor-widget-heading\" data-id=\"548ee38\" data-element_type=\"widget\" data-widget_type=\"heading.default\">\n\t\t\t\t<div class=\"elementor-widget-container\">\n\t\t\t\t\t<h5 class=\"elementor-heading-title elementor-size-default\">Envios:<\/h5>\t\t\t\t<\/div>\n\t\t\t\t<\/div>\n\t\t\t\t<div class=\"elementor-element elementor-element-f484226 elementor-widget elementor-widget-text-editor\" data-id=\"f484226\" data-element_type=\"widget\" data-widget_type=\"text-editor.default\">\n\t\t\t\t<div class=\"elementor-widget-container\">\n\t\t\t\t\t\t\t\t\t<p>As encomendas transportadas das instalac\u0327o\u0303es da\u00a0<strong>Mega Print, Lda.\u00a0<\/strong>para o local de entrega e\u0301 por conta e risco do Comprador. Mesmo que os portes das mercadorias venham a ser inclui\u0301dos no prec\u0327o, as mercadorias sera\u0303o sempre transportadas por conta e risco do Comprador, pelo que na\u0303o sera\u0303o aceites pela\u00a0<strong>Mega Print, Lda.\u00a0<\/strong>devoluc\u0327o\u0303es ou reclamac\u0327o\u0303es de mercadorias danificadas em tra\u0302nsito ou em operac\u0327o\u0303es de carga e descarga. Podera\u0301 fazer as suas reclamac\u0327o\u0303es para o transportador em causa.<\/p><p>Em caso de falta, perda, avaria ou anomalia do material transportado, o seu estado devera\u0301 ser constatado no acto da sua descarga e\/ou entrega, devendo ser devidamente relatado e assinalado ao transportador, na guia de transporte ou outro documento va\u0301lido.<\/p>\t\t\t\t\t\t\t\t<\/div>\n\t\t\t\t<\/div>\n\t\t\t\t<div class=\"elementor-element elementor-element-23eac14 elementor-widget elementor-widget-heading\" data-id=\"23eac14\" data-element_type=\"widget\" data-widget_type=\"heading.default\">\n\t\t\t\t<div class=\"elementor-widget-container\">\n\t\t\t\t\t<h5 class=\"elementor-heading-title elementor-size-default\">Viaturas:<\/h5>\t\t\t\t<\/div>\n\t\t\t\t<\/div>\n\t\t\t\t<div class=\"elementor-element elementor-element-bb84ffb elementor-widget elementor-widget-text-editor\" data-id=\"bb84ffb\" data-element_type=\"widget\" data-widget_type=\"text-editor.default\">\n\t\t\t\t<div class=\"elementor-widget-container\">\n\t\t\t\t\t\t\t\t\t<p>E\u0301 da responsabilidade do cliente entregar a viatura, devidamente lavada, para a aplicac\u0327a\u0303o. Sempre que esta situac\u0327a\u0303o na\u0303o se verifique, ou se, a lavagem na\u0303o estiver dentro dos para\u0302metros exigidos (lavagem incompleta ou ineficiente), tera\u0301 a empresa que proceder inevitavelmente a\u0300 lavagem, apresentando e debitando ao cliente o respetivo valor, de acordo com o prec\u0327a\u0301rio em vigor;<\/p><p>A viatura permanecera\u0301 no nosso parque, podendo sair afim de ser lavada, preparada, testada ou equipada;<\/p><p>A entrega e levantamento das viaturas devera\u0301 ser efetuada dentro do hora\u0301rio de funcionamento da empresa<strong>\u00a0Mega Print, Lda.<\/strong>\u00a0salvo excec\u0327o\u0303es devidamente e previamente acordadas;<\/p><p>E\u0301 da responsabilidade do cliente assegurar forma de aceder a\u0300 viatura e seus componentes, tal como forma de a colocar em marcha, atrave\u0301s da entrega de chaves, co\u0301digos, documentac\u0327a\u0303o da viatura, ou outra informac\u0327a\u0303o pertinente;<\/p><p>A(s) viatura(s) e\u0301\/sa\u0303o entregue(s) ao cliente mediante regularizac\u0327a\u0303o do(s) montante(s) em divida, sobre e apo\u0301s as intervenc\u0327o\u0303es efetuadas a\u0300(s) mesma(s), caso na\u0303o se verifique, poderemos reter a(s) viatura(s) ate\u0301 a\u0300 liquidac\u0327a\u0303o total do valor dessas intervenc\u0327o\u0303es. A falta de cumprimento das condic\u0327o\u0303es de pagamento acordadas, concede a\u0300 empresa o\u00a0<em>Direito de Retenc\u0327a\u0303o<\/em>\u00a0da(s) viatura(s) ate\u0301 integral pagamento da divida;<\/p><p>Sempre que a pintura das viaturas apresente estragos, anomalias, riscos ou ate\u0301 mesmo para os casos em que tenha sido sujeita a um processo de Repintura, total ou parcial, a aplicac\u0327a\u0303o de vinil podera\u0301 na\u0303o apresentar o resultado final esperado, aduzindo a irregularidades, sendo que o cliente declara que toma conhecimento e aceita;<\/p><p>A data limite para conclusa\u0303o dos trabalhos e\u0301 determinada pela disponibilidade da equipa te\u0301cnica a\u0300 data da u\u0301ltima ordem de fabrico. A data prevista de entrega e\u0301 fornecida ao cliente a titulo meramente indicativo, sendo esta sujeita a alterac\u0327o\u0303es devido a condicionalismos dos servic\u0327os te\u0301cnicos e de produc\u0327a\u0303o;<\/p><p>Apo\u0301s conclusa\u0303o dos trabalhos, todos os clientes sa\u0303o alertados para procederem ao levantamento da(s) sua(s) viatura(s), caso esta situac\u0327a\u0303o na\u0303o se verifique num prazo de 48 horas, apo\u0301s essa informac\u0327a\u0303o, concedem a\u0300 empresa o Direito de cobrar uma taxa dia\u0301ria pela ocupac\u0327a\u0303o de espac\u0327o, de acordo com o prec\u0327a\u0301rio em vigor;<\/p>\t\t\t\t\t\t\t\t<\/div>\n\t\t\t\t<\/div>\n\t\t\t\t<div class=\"elementor-element elementor-element-d8fe083 elementor-widget elementor-widget-heading\" data-id=\"d8fe083\" data-element_type=\"widget\" data-widget_type=\"heading.default\">\n\t\t\t\t<div class=\"elementor-widget-container\">\n\t\t\t\t\t<h5 class=\"elementor-heading-title elementor-size-default\">Prazos de Entrega:<\/h5>\t\t\t\t<\/div>\n\t\t\t\t<\/div>\n\t\t\t\t<div class=\"elementor-element elementor-element-8726977 elementor-widget elementor-widget-text-editor\" data-id=\"8726977\" data-element_type=\"widget\" data-widget_type=\"text-editor.default\">\n\t\t\t\t<div class=\"elementor-widget-container\">\n\t\t\t\t\t\t\t\t\t<p>Os prazos de entrega de fornecimentos, servic\u0327os e montagens, sa\u0303o dados a ti\u0301tulo meramente indicativo, o incumprimento de prazos na\u0303o devera\u0301 justificar a anulac\u0327a\u0303o da encomenda, nem servir de fundamento para reclamar com a\u00a0<strong>Mega Print, Lda.\u00a0<\/strong>qualquer indemnizac\u0327a\u0303o ou desconto. A\u00a0<strong>Mega Print, Lda.\u00a0<\/strong>compromete-se a informar o cliente sobre qualquer alterac\u0327a\u0303o do prazo de entrega, logo que tenha conhecimento.<\/p>\t\t\t\t\t\t\t\t<\/div>\n\t\t\t\t<\/div>\n\t\t\t\t<div class=\"elementor-element elementor-element-65bd44c elementor-widget elementor-widget-heading\" data-id=\"65bd44c\" data-element_type=\"widget\" data-widget_type=\"heading.default\">\n\t\t\t\t<div class=\"elementor-widget-container\">\n\t\t\t\t\t<h5 class=\"elementor-heading-title elementor-size-default\">Reclamac\u0327o\u0303es:<\/h5>\t\t\t\t<\/div>\n\t\t\t\t<\/div>\n\t\t\t\t<div class=\"elementor-element elementor-element-cb996ec elementor-widget elementor-widget-text-editor\" data-id=\"cb996ec\" data-element_type=\"widget\" data-widget_type=\"text-editor.default\">\n\t\t\t\t<div class=\"elementor-widget-container\">\n\t\t\t\t\t\t\t\t\t<p>As reclamac\u0327o\u0303es motivadas por defeito de material ou acabamentos, montagens, aplicac\u0327o\u0303es ou devido a quantidades incorretas ou incompletas, devera\u0303o ser comunicadas imediatamente apo\u0301s execuc\u0327a\u0303o\/conclusa\u0303o dos trabalhos ou no acto da entrega dos mesmos, mediante a apresentac\u0327a\u0303o do documento de venda respetivo.<\/p>\t\t\t\t\t\t\t\t<\/div>\n\t\t\t\t<\/div>\n\t\t\t\t<div class=\"elementor-element elementor-element-f17f4a3 elementor-widget elementor-widget-heading\" data-id=\"f17f4a3\" data-element_type=\"widget\" data-widget_type=\"heading.default\">\n\t\t\t\t<div class=\"elementor-widget-container\">\n\t\t\t\t\t<h5 class=\"elementor-heading-title elementor-size-default\">Garantia:<\/h5>\t\t\t\t<\/div>\n\t\t\t\t<\/div>\n\t\t\t\t<div class=\"elementor-element elementor-element-5ba624b elementor-widget elementor-widget-text-editor\" data-id=\"5ba624b\" data-element_type=\"widget\" data-widget_type=\"text-editor.default\">\n\t\t\t\t<div class=\"elementor-widget-container\">\n\t\t\t\t\t\t\t\t\t<p>A\u00a0<strong>Mega Print, Lda.\u00a0<\/strong>garante o funcionamento da mercadoria fornecida e instalada, contra os defeitos de fabrico, pelo prazo de um ano, a contar da data da entrega efetiva ao comprador, sem prejui\u0301zo de prazo superior estabelecido por lei.<\/p><p>A garantia prevista na\u0303o se aplica a\u0300s anomalias ou defeitos que resultem do desgaste normal dos materiais ou acidentes resultantes de utilizac\u0327a\u0303o negligente, de falta de vigila\u0302ncia, de manutenc\u0327a\u0303o ou de uma utilizac\u0327a\u0303o defeituosa, manuseamento incorreto, bem como da utilizac\u0327a\u0303o dos produtos sob condic\u0327o\u0303es extremas e fora do que sa\u0303o consideradas normais. Exclui-se ainda da garantia todos e quaisquer equipamentos ou produtos manuseados, alterados ou reparados por elementos estranhos a\u0300\u00a0<strong>Mega Print, Lda.<\/strong><\/p><p>A existe\u0302ncia de uma anomalia ou defeito devera\u0301 ser verificada, reconhecida e validada pelos servic\u0327os te\u0301cnicos da\u00a0<strong>Mega Print, Lda.\u00a0<\/strong>e nas instalac\u0327o\u0303es desta.<\/p><p>Em caso de defeito devidamente comprovado, assistem ao Comprador todos os direitos que lhe sa\u0303o conferidos pela lei, nomeadamente o direito a\u0300 reparac\u0327a\u0303o ou substituic\u0327a\u0303o do produto defeituoso, que podera\u0301 exercer, sem quaisquer encargos adicionais, no prazo de garantia previsto.<\/p><p>Todos os equipamentos, materiais ou pec\u0327as a serem substitui\u0301dos, nos termos da garantia acima referida, devera\u0303o ser devolvidas a\u0300\u00a0<strong>Mega Print, Lda.<\/strong><\/p>\t\t\t\t\t\t\t\t<\/div>\n\t\t\t\t<\/div>\n\t\t\t\t<div class=\"elementor-element elementor-element-bdc0c14 elementor-widget elementor-widget-heading\" data-id=\"bdc0c14\" data-element_type=\"widget\" data-widget_type=\"heading.default\">\n\t\t\t\t<div class=\"elementor-widget-container\">\n\t\t\t\t\t<h5 class=\"elementor-heading-title elementor-size-default\">Foro Juri\u0301dico Competente e Outros:<\/h5>\t\t\t\t<\/div>\n\t\t\t\t<\/div>\n\t\t\t\t<div class=\"elementor-element elementor-element-ab241f2 elementor-widget elementor-widget-text-editor\" data-id=\"ab241f2\" data-element_type=\"widget\" data-widget_type=\"text-editor.default\">\n\t\t\t\t<div class=\"elementor-widget-container\">\n\t\t\t\t\t\t\t\t\t<p>Estabelece-se como foro exclusivo o tribunal da comarca do Seixal, para a resoluc\u0327a\u0303o de liti\u0301gios entre as partes.<\/p>\t\t\t\t\t\t\t\t<\/div>\n\t\t\t\t<\/div>\n\t\t\t\t\t<\/div>\n\t\t<\/div>\n\t\t\t\t\t<\/div>\n\t\t<\/section>\n\t\t\t\t<\/div>\n\t\t","protected":false},"excerpt":{"rendered":"<p>CONDI\u00c7\u00d5ES GERAIS DE VENDA CONDIC\u0327O\u0303ES GERAIS DE VENDA Todos os fornecimentos e prestac\u0327o\u0303es de servic\u0327os solicitados a\u0300 Mega Print, Lda. sera\u0303o regidos pelas presentes condic\u0327o\u0303es gerais de venda, cuja aceitac\u0327a\u0303o por parte do cliente esta\u0301 impli\u0301cita nas encomendas firmadas a\u0300\u00a0Mega Print, Lda. Encomendas: As encomendas devera\u0303o ser feitas atrave\u0301s do nosso Departamento Comercial, vendedores, telefone [&hellip;]<\/p>\n","protected":false},"author":2,"featured_media":0,"parent":0,"menu_order":0,"comment_status":"closed","ping_status":"closed","template":"","meta":{"_joinchat":[],"footnotes":""},"class_list":["post-1175","page","type-page","status-publish","hentry"],"_links":{"self":[{"href":"https:\/\/www.mega-print.pt\/ver.17.04.2019\/wp-json\/wp\/v2\/pages\/1175","targetHints":{"allow":["GET"]}}],"collection":[{"href":"https:\/\/www.mega-print.pt\/ver.17.04.2019\/wp-json\/wp\/v2\/pages"}],"about":[{"href":"https:\/\/www.mega-print.pt\/ver.17.04.2019\/wp-json\/wp\/v2\/types\/page"}],"author":[{"embeddable":true,"href":"https:\/\/www.mega-print.pt\/ver.17.04.2019\/wp-json\/wp\/v2\/users\/2"}],"replies":[{"embeddable":true,"href":"https:\/\/www.mega-print.pt\/ver.17.04.2019\/wp-json\/wp\/v2\/comments?post=1175"}],"version-history":[{"count":11,"href":"https:\/\/www.mega-print.pt\/ver.17.04.2019\/wp-json\/wp\/v2\/pages\/1175\/revisions"}],"predecessor-version":[{"id":2246,"href":"https:\/\/www.mega-print.pt\/ver.17.04.2019\/wp-json\/wp\/v2\/pages\/1175\/revisions\/2246"}],"wp:attachment":[{"href":"https:\/\/www.mega-print.pt\/ver.17.04.2019\/wp-json\/wp\/v2\/media?parent=1175"}],"curies":[{"name":"wp","href":"https:\/\/api.w.org\/{rel}","templated":true}]}}